{"id":1050,"date":"2023-12-26T15:17:01","date_gmt":"2023-12-26T15:17:01","guid":{"rendered":"https:\/\/hevea.rs\/proizvod\/stellina-childrens-mattress\/"},"modified":"2025-12-27T22:56:09","modified_gmt":"2025-12-27T22:56:09","slug":"stellina-childrens-mattress","status":"publish","type":"product","link":"https:\/\/hevea.rs\/en\/proizvod\/stellina-childrens-mattress\/","title":{"rendered":"STELLINA &#8211; Children&#8217;s mattress"},"content":{"rendered":"<div class=\"wpb-content-wrapper\"><p>[vc_row el_class=&#8221;custom-accordion-outer&#8221; woodmart_css_id=&#8221;689089491e1b5&#8243; responsive_spacing=&#8221;eyJwYXJhbV90eXBlIjoid29vZG1hcnRfcmVzcG9uc2l2ZV9zcGFjaW5nIiwic2VsZWN0b3JfaWQiOiI2ODkwODk0OTFlMWI1Iiwic2hvcnRjb2RlIjoidmNfcm93IiwiZGF0YSI6eyJ0YWJsZXQiOnt9LCJtb2JpbGUiOnt9fX0=&#8221; mobile_bg_img_hidden=&#8221;no&#8221; tablet_bg_img_hidden=&#8221;no&#8221; woodmart_parallax=&#8221;0&#8243; woodmart_gradient_switch=&#8221;no&#8221; woodmart_box_shadow=&#8221;no&#8221; wd_z_index=&#8221;no&#8221; woodmart_disable_overflow=&#8221;0&#8243; row_reverse_mobile=&#8221;0&#8243; row_reverse_tablet=&#8221;0&#8243;][vc_column][vc_row_inner el_class=&#8221;accordion-first accordion-inner&#8221; woodmart_css_id=&#8221;6891d9a9d8032&#8243; responsive_spacing=&#8221;eyJwYXJhbV90eXBlIjoid29vZG1hcnRfcmVzcG9uc2l2ZV9zcGFjaW5nIiwic2VsZWN0b3JfaWQiOiI2ODkxZDlhOWQ4MDMyIiwic2hvcnRjb2RlIjoidmNfcm93X2lubmVyIiwiZGF0YSI6eyJ0YWJsZXQiOnt9LCJtb2JpbGUiOnt9fX0=&#8221; mobile_bg_img_hidden=&#8221;no&#8221; tablet_bg_img_hidden=&#8221;no&#8221; woodmart_parallax=&#8221;0&#8243; woodmart_gradient_switch=&#8221;no&#8221; woodmart_box_shadow=&#8221;no&#8221; wd_z_index=&#8221;no&#8221; woodmart_disable_overflow=&#8221;0&#8243; row_reverse_mobile=&#8221;0&#8243; row_reverse_tablet=&#8221;0&#8243;][vc_column_inner][\/vc_column_inner][\/vc_row_inner][vc_row_inner el_class=&#8221;accordion-second accordion-inner&#8221; woodmart_css_id=&#8221;689089682997c&#8221; responsive_spacing=&#8221;eyJwYXJhbV90eXBlIjoid29vZG1hcnRfcmVzcG9uc2l2ZV9zcGFjaW5nIiwic2VsZWN0b3JfaWQiOiI2ODkwODk2ODI5OTdjIiwic2hvcnRjb2RlIjoidmNfcm93X2lubmVyIiwiZGF0YSI6eyJ0YWJsZXQiOnt9LCJtb2JpbGUiOnt9fX0=&#8221; mobile_bg_img_hidden=&#8221;no&#8221; tablet_bg_img_hidden=&#8221;no&#8221; woodmart_parallax=&#8221;0&#8243; woodmart_gradient_switch=&#8221;no&#8221; woodmart_box_shadow=&#8221;no&#8221; wd_z_index=&#8221;no&#8221; woodmart_disable_overflow=&#8221;0&#8243; row_reverse_mobile=&#8221;0&#8243; row_reverse_tablet=&#8221;0&#8243;][vc_column_inner][\/vc_column_inner][\/vc_row_inner][vc_row_inner el_class=&#8221;accordion-third accordion-inner&#8221; woodmart_css_id=&#8221;6890897bcd549&#8243; responsive_spacing=&#8221;eyJwYXJhbV90eXBlIjoid29vZG1hcnRfcmVzcG9uc2l2ZV9zcGFjaW5nIiwic2VsZWN0b3JfaWQiOiI2ODkwODk3YmNkNTQ5Iiwic2hvcnRjb2RlIjoidmNfcm93X2lubmVyIiwiZGF0YSI6eyJ0YWJsZXQiOnt9LCJtb2JpbGUiOnt9fX0=&#8221; mobile_bg_img_hidden=&#8221;no&#8221; tablet_bg_img_hidden=&#8221;no&#8221; woodmart_parallax=&#8221;0&#8243; woodmart_gradient_switch=&#8221;no&#8221; woodmart_box_shadow=&#8221;no&#8221; wd_z_index=&#8221;no&#8221; woodmart_disable_overflow=&#8221;0&#8243; row_reverse_mobile=&#8221;0&#8243; row_reverse_tablet=&#8221;0&#8243;][vc_column_inner][\/vc_column_inner][\/vc_row_inner][\/vc_column][\/vc_row]<\/p>\n<\/div>","protected":false},"excerpt":{"rendered":"<p><strong>Mattress thickness<\/strong> : 10cm<\/p>\n<p>Made from high-quality materials, our organic mattresses and pillows are designed to provide optimal support for your children, ensuring proper body position during sleep. Ova podr\u0161ka je od su\u0161tinske va\u017enosti za pravilan razvoj ki\u010dmenog stuba i smanjenje rizika od problema kao \u0161to su bolovi u le\u0111ima ili lo\u0161e dr\u017eanje tela kasnije u \u017eivotu. Pored toga, organski materijali koje koristimo su antialergijski, \u0161to zna\u010di da su posebno pogodni za bebe sa osetljivom ko\u017eom ili ko\u017eom sklonom alergijama. Ovo je klju\u010dno za odr\u017eavanje zdrave ko\u017ee i spre\u010davanje iritacija tokom no\u0107i.<\/p>\n<p>Sail into a world of comfort and safety with our organic crib mattress, made exclusively from 100% natural materials. With no harmful chemicals or toxic materials, you can be sure your little one is sleeping on the cleanest and most natural material possible. Our mattress gives your little one a restful sleep and supports healthy development. Every detail has been carefully designed to ensure the comfort and safety of your child.   <\/p>\n<div class=\"procitaj-vise\">\n<p>Read more<\/p>\n<\/div>\n","protected":false},"featured_media":2419,"comment_status":"open","ping_status":"closed","template":"","meta":[],"product_brand":[],"product_cat":[106,112,107,162],"product_tag":[190],"class_list":{"0":"post-1050","1":"product","2":"type-product","3":"status-publish","4":"has-post-thumbnail","6":"product_cat-all-products","7":"product_cat-childrens-mattresses","8":"product_cat-childrens-program","9":"product_cat-holiday-sale-en","10":"product_tag-decija-posebna-ponuda","11":"pa_dimenzije-120-x-60","12":"pa_dimenzije-140-x-60","14":"first","15":"instock","16":"sale","17":"featured","18":"shipping-taxable","19":"purchasable","20":"product-type-variable"},"yoast_head":"<!-- This site is optimized with the Yoast SEO plugin v26.3 - https:\/\/yoast.com\/wordpress\/plugins\/seo\/ -->\n<title>Hevea - STELLINA - Children&#039;s mattress<\/title>\n<meta name=\"description\" content=\"Made from high-quality materials, our organic mattresses and pillows are designed to provide optimal support for your children, ensuring proper body position during sleep.\" \/>\n<meta name=\"robots\" content=\"index, follow, max-snippet:-1, max-image-preview:large, max-video-preview:-1\" \/>\n<link rel=\"canonical\" href=\"https:\/\/hevea.rs\/en\/proizvod\/stellina-childrens-mattress\/\" \/>\n<meta property=\"og:locale\" content=\"en_US\" \/>\n<meta property=\"og:type\" content=\"article\" \/>\n<meta property=\"og:title\" content=\"Hevea - STELLINA - Children&#039;s mattress\" \/>\n<meta property=\"og:description\" content=\"Made from high-quality materials, our organic mattresses and pillows are designed to provide optimal support for your children, ensuring proper body position during sleep.\" \/>\n<meta property=\"og:url\" content=\"https:\/\/hevea.rs\/en\/proizvod\/stellina-childrens-mattress\/\" \/>\n<meta property=\"og:site_name\" content=\"Hevea\" \/>\n<meta property=\"article:modified_time\" content=\"2025-12-27T22:56:09+00:00\" \/>\n<meta property=\"og:image\" content=\"https:\/\/hevea.rs\/wp-content\/uploads\/2023\/12\/9-Stellina-deciji-dusek.png\" \/>\n\t<meta property=\"og:image:width\" content=\"1200\" \/>\n\t<meta property=\"og:image:height\" content=\"1200\" \/>\n\t<meta property=\"og:image:type\" content=\"image\/png\" \/>\n<meta name=\"twitter:card\" content=\"summary_large_image\" \/>\n<meta name=\"twitter:label1\" content=\"Est. reading time\" \/>\n\t<meta name=\"twitter:data1\" content=\"1 minute\" \/>\n<script type=\"application\/ld+json\" class=\"yoast-schema-graph\">{\"@context\":\"https:\/\/schema.org\",\"@graph\":[{\"@type\":\"WebPage\",\"@id\":\"https:\/\/hevea.rs\/en\/proizvod\/stellina-childrens-mattress\/\",\"url\":\"https:\/\/hevea.rs\/en\/proizvod\/stellina-childrens-mattress\/\",\"name\":\"Hevea - STELLINA - Children's mattress\",\"isPartOf\":{\"@id\":\"https:\/\/hevea.rs\/#website\"},\"primaryImageOfPage\":{\"@id\":\"https:\/\/hevea.rs\/en\/proizvod\/stellina-childrens-mattress\/#primaryimage\"},\"image\":{\"@id\":\"https:\/\/hevea.rs\/en\/proizvod\/stellina-childrens-mattress\/#primaryimage\"},\"thumbnailUrl\":\"https:\/\/hevea.rs\/wp-content\/uploads\/2023\/12\/9-Stellina-deciji-dusek.png\",\"datePublished\":\"2023-12-26T15:17:01+00:00\",\"dateModified\":\"2025-12-27T22:56:09+00:00\",\"description\":\"Made from high-quality materials, our organic mattresses and pillows are designed to provide optimal support for your children, ensuring proper body position during sleep.\",\"breadcrumb\":{\"@id\":\"https:\/\/hevea.rs\/en\/proizvod\/stellina-childrens-mattress\/#breadcrumb\"},\"inLanguage\":\"en-US\",\"potentialAction\":[{\"@type\":\"ReadAction\",\"target\":[\"https:\/\/hevea.rs\/en\/proizvod\/stellina-childrens-mattress\/\"]}]},{\"@type\":\"ImageObject\",\"inLanguage\":\"en-US\",\"@id\":\"https:\/\/hevea.rs\/en\/proizvod\/stellina-childrens-mattress\/#primaryimage\",\"url\":\"https:\/\/hevea.rs\/wp-content\/uploads\/2023\/12\/9-Stellina-deciji-dusek.png\",\"contentUrl\":\"https:\/\/hevea.rs\/wp-content\/uploads\/2023\/12\/9-Stellina-deciji-dusek.png\",\"width\":1200,\"height\":1200,\"caption\":\"Stella's children's mattress\"},{\"@type\":\"BreadcrumbList\",\"@id\":\"https:\/\/hevea.rs\/en\/proizvod\/stellina-childrens-mattress\/#breadcrumb\",\"itemListElement\":[{\"@type\":\"ListItem\",\"position\":1,\"name\":\"Home\",\"item\":\"https:\/\/hevea.rs\/en\/home-page\/\"},{\"@type\":\"ListItem\",\"position\":2,\"name\":\"Shop\",\"item\":\"https:\/\/hevea.rs\/en\/shop\/\"},{\"@type\":\"ListItem\",\"position\":3,\"name\":\"STELLINA &#8211; Children&#8217;s mattress\"}]},{\"@type\":\"WebSite\",\"@id\":\"https:\/\/hevea.rs\/#website\",\"url\":\"https:\/\/hevea.rs\/\",\"name\":\"Hevea\",\"description\":\"U srcu prirode\",\"publisher\":{\"@id\":\"https:\/\/hevea.rs\/#organization\"},\"potentialAction\":[{\"@type\":\"SearchAction\",\"target\":{\"@type\":\"EntryPoint\",\"urlTemplate\":\"https:\/\/hevea.rs\/?s={search_term_string}\"},\"query-input\":{\"@type\":\"PropertyValueSpecification\",\"valueRequired\":true,\"valueName\":\"search_term_string\"}}],\"inLanguage\":\"en-US\"},{\"@type\":\"Organization\",\"@id\":\"https:\/\/hevea.rs\/#organization\",\"name\":\"Hevea\",\"url\":\"https:\/\/hevea.rs\/\",\"logo\":{\"@type\":\"ImageObject\",\"inLanguage\":\"en-US\",\"@id\":\"https:\/\/hevea.rs\/#\/schema\/logo\/image\/\",\"url\":\"https:\/\/hevea.rs\/wp-content\/uploads\/2023\/12\/Hevea-Logo.svg\",\"contentUrl\":\"https:\/\/hevea.rs\/wp-content\/uploads\/2023\/12\/Hevea-Logo.svg\",\"width\":218,\"height\":60,\"caption\":\"Hevea\"},\"image\":{\"@id\":\"https:\/\/hevea.rs\/#\/schema\/logo\/image\/\"},\"sameAs\":[\"https:\/\/www.instagram.com\/hevea_natural_living?igsh=ZTI2eDFyMWpvNmVv\"]}]}<\/script>\n<!-- \/ Yoast SEO plugin. -->","yoast_head_json":{"title":"Hevea - STELLINA - Children's mattress","description":"Made from high-quality materials, our organic mattresses and pillows are designed to provide optimal support for your children, ensuring proper body position during sleep.","robots":{"index":"index","follow":"follow","max-snippet":"max-snippet:-1","max-image-preview":"max-image-preview:large","max-video-preview":"max-video-preview:-1"},"canonical":"https:\/\/hevea.rs\/en\/proizvod\/stellina-childrens-mattress\/","og_locale":"en_US","og_type":"article","og_title":"Hevea - STELLINA - Children's mattress","og_description":"Made from high-quality materials, our organic mattresses and pillows are designed to provide optimal support for your children, ensuring proper body position during sleep.","og_url":"https:\/\/hevea.rs\/en\/proizvod\/stellina-childrens-mattress\/","og_site_name":"Hevea","article_modified_time":"2025-12-27T22:56:09+00:00","og_image":[{"width":1200,"height":1200,"url":"https:\/\/hevea.rs\/wp-content\/uploads\/2023\/12\/9-Stellina-deciji-dusek.png","type":"image\/png"}],"twitter_card":"summary_large_image","twitter_misc":{"Est. reading time":"1 minute"},"schema":{"@context":"https:\/\/schema.org","@graph":[{"@type":"WebPage","@id":"https:\/\/hevea.rs\/en\/proizvod\/stellina-childrens-mattress\/","url":"https:\/\/hevea.rs\/en\/proizvod\/stellina-childrens-mattress\/","name":"Hevea - STELLINA - Children's mattress","isPartOf":{"@id":"https:\/\/hevea.rs\/#website"},"primaryImageOfPage":{"@id":"https:\/\/hevea.rs\/en\/proizvod\/stellina-childrens-mattress\/#primaryimage"},"image":{"@id":"https:\/\/hevea.rs\/en\/proizvod\/stellina-childrens-mattress\/#primaryimage"},"thumbnailUrl":"https:\/\/hevea.rs\/wp-content\/uploads\/2023\/12\/9-Stellina-deciji-dusek.png","datePublished":"2023-12-26T15:17:01+00:00","dateModified":"2025-12-27T22:56:09+00:00","description":"Made from high-quality materials, our organic mattresses and pillows are designed to provide optimal support for your children, ensuring proper body position during sleep.","breadcrumb":{"@id":"https:\/\/hevea.rs\/en\/proizvod\/stellina-childrens-mattress\/#breadcrumb"},"inLanguage":"en-US","potentialAction":[{"@type":"ReadAction","target":["https:\/\/hevea.rs\/en\/proizvod\/stellina-childrens-mattress\/"]}]},{"@type":"ImageObject","inLanguage":"en-US","@id":"https:\/\/hevea.rs\/en\/proizvod\/stellina-childrens-mattress\/#primaryimage","url":"https:\/\/hevea.rs\/wp-content\/uploads\/2023\/12\/9-Stellina-deciji-dusek.png","contentUrl":"https:\/\/hevea.rs\/wp-content\/uploads\/2023\/12\/9-Stellina-deciji-dusek.png","width":1200,"height":1200,"caption":"Stella's children's mattress"},{"@type":"BreadcrumbList","@id":"https:\/\/hevea.rs\/en\/proizvod\/stellina-childrens-mattress\/#breadcrumb","itemListElement":[{"@type":"ListItem","position":1,"name":"Home","item":"https:\/\/hevea.rs\/en\/home-page\/"},{"@type":"ListItem","position":2,"name":"Shop","item":"https:\/\/hevea.rs\/en\/shop\/"},{"@type":"ListItem","position":3,"name":"STELLINA &#8211; Children&#8217;s mattress"}]},{"@type":"WebSite","@id":"https:\/\/hevea.rs\/#website","url":"https:\/\/hevea.rs\/","name":"Hevea","description":"U srcu prirode","publisher":{"@id":"https:\/\/hevea.rs\/#organization"},"potentialAction":[{"@type":"SearchAction","target":{"@type":"EntryPoint","urlTemplate":"https:\/\/hevea.rs\/?s={search_term_string}"},"query-input":{"@type":"PropertyValueSpecification","valueRequired":true,"valueName":"search_term_string"}}],"inLanguage":"en-US"},{"@type":"Organization","@id":"https:\/\/hevea.rs\/#organization","name":"Hevea","url":"https:\/\/hevea.rs\/","logo":{"@type":"ImageObject","inLanguage":"en-US","@id":"https:\/\/hevea.rs\/#\/schema\/logo\/image\/","url":"https:\/\/hevea.rs\/wp-content\/uploads\/2023\/12\/Hevea-Logo.svg","contentUrl":"https:\/\/hevea.rs\/wp-content\/uploads\/2023\/12\/Hevea-Logo.svg","width":218,"height":60,"caption":"Hevea"},"image":{"@id":"https:\/\/hevea.rs\/#\/schema\/logo\/image\/"},"sameAs":["https:\/\/www.instagram.com\/hevea_natural_living?igsh=ZTI2eDFyMWpvNmVv"]}]}},"_links":{"self":[{"href":"https:\/\/hevea.rs\/en\/wp-json\/wp\/v2\/product\/1050","targetHints":{"allow":["GET"]}}],"collection":[{"href":"https:\/\/hevea.rs\/en\/wp-json\/wp\/v2\/product"}],"about":[{"href":"https:\/\/hevea.rs\/en\/wp-json\/wp\/v2\/types\/product"}],"replies":[{"embeddable":true,"href":"https:\/\/hevea.rs\/en\/wp-json\/wp\/v2\/comments?post=1050"}],"wp:featuredmedia":[{"embeddable":true,"href":"https:\/\/hevea.rs\/en\/wp-json\/wp\/v2\/media\/2419"}],"wp:attachment":[{"href":"https:\/\/hevea.rs\/en\/wp-json\/wp\/v2\/media?parent=1050"}],"wp:term":[{"taxonomy":"product_brand","embeddable":true,"href":"https:\/\/hevea.rs\/en\/wp-json\/wp\/v2\/product_brand?post=1050"},{"taxonomy":"product_cat","embeddable":true,"href":"https:\/\/hevea.rs\/en\/wp-json\/wp\/v2\/product_cat?post=1050"},{"taxonomy":"product_tag","embeddable":true,"href":"https:\/\/hevea.rs\/en\/wp-json\/wp\/v2\/product_tag?post=1050"}],"curies":[{"name":"wp","href":"https:\/\/api.w.org\/{rel}","templated":true}]}}